{"id":2892,"date":"2025-02-25T16:21:32","date_gmt":"2025-02-25T19:51:32","guid":{"rendered":"https:\/\/pholoho.com\/innovation\/"},"modified":"2025-09-12T13:19:55","modified_gmt":"2025-09-12T15:49:55","slug":"innovation","status":"publish","type":"page","link":"https:\/\/pholoho.com\/es\/innovation\/","title":{"rendered":"innovaci\u00f3n"},"content":{"rendered":"[vc_row type=\u00bbfull_width_content\u00bb full_screen_row_position=\u00bbmiddle\u00bb column_margin=\u00bbdefault\u00bb column_direction=\u00bbdefault\u00bb column_direction_tablet=\u00bbdefault\u00bb column_direction_phone=\u00bbdefault\u00bb scene_position=\u00bbcenter\u00bb text_color=\u00bbdark\u00bb text_align=\u00bbleft\u00bb row_border_radius=\u00bbnone\u00bb row_border_radius_applies=\u00bbbg\u00bb overflow=\u00bbvisible\u00bb overlay_strength=\u00bb0.3&#8243; gradient_direction=\u00bbleft_to_right\u00bb shape_divider_position=\u00bbbottom\u00bb bg_image_animation=\u00bbnone\u00bb gradient_type=\u00bbdefault\u00bb shape_type=\u00bb\u00bb][vc_column column_padding=\u00bbno-extra-padding\u00bb column_padding_tablet=\u00bbinherit\u00bb column_padding_phone=\u00bbinherit\u00bb column_padding_position=\u00bball\u00bb column_element_direction_desktop=\u00bbdefault\u00bb column_element_spacing=\u00bbdefault\u00bb desktop_text_alignment=\u00bbdefault\u00bb tablet_text_alignment=\u00bbdefault\u00bb phone_text_alignment=\u00bbdefault\u00bb background_color_opacity=\u00bb1&#8243; background_hover_color_opacity=\u00bb1&#8243; column_backdrop_filter=\u00bbnone\u00bb column_shadow=\u00bbnone\u00bb column_border_radius=\u00bbnone\u00bb column_link_target=\u00bb_self\u00bb column_position=\u00bbdefault\u00bb gradient_direction=\u00bbleft_to_right\u00bb overlay_strength=\u00bb0.3&#8243; width=\u00bb1\/1&#8243; tablet_width_inherit=\u00bbdefault\u00bb animation_type=\u00bbdefault\u00bb bg_image_animation=\u00bbnone\u00bb border_type=\u00bbsimple\u00bb column_border_width=\u00bbnone\u00bb column_border_style=\u00bbsolid\u00bb][image_with_animation image_url=\u00bb2661&#8243; image_size=\u00bbportfolio-thumb_large\u00bb animation_type=\u00bbentrance\u00bb animation=\u00bbNone\u00bb animation_movement_type=\u00bbtransform_y\u00bb hover_animation=\u00bbnone\u00bb alignment=\u00bbcenter\u00bb border_radius=\u00bbnone\u00bb box_shadow=\u00bbnone\u00bb image_loading=\u00bbdefault\u00bb max_width=\u00bb100%\u00bb max_width_mobile=\u00bbdefault\u00bb][\/vc_column][\/vc_row][vc_row type=\u00bbin_container\u00bb full_screen_row_position=\u00bbmiddle\u00bb column_margin=\u00bbdefault\u00bb column_direction=\u00bbdefault\u00bb column_direction_tablet=\u00bbdefault\u00bb column_direction_phone=\u00bbdefault\u00bb scene_position=\u00bbcenter\u00bb top_padding=\u00bb40px\u00bb bottom_padding=\u00bb40px\u00bb text_color=\u00bbdark\u00bb text_align=\u00bbleft\u00bb row_border_radius=\u00bbnone\u00bb row_border_radius_applies=\u00bbbg\u00bb overflow=\u00bbvisible\u00bb overlay_strength=\u00bb0.3&#8243; gradient_direction=\u00bbleft_to_right\u00bb shape_divider_position=\u00bbbottom\u00bb bg_image_animation=\u00bbnone\u00bb gradient_type=\u00bbdefault\u00bb shape_type=\u00bb\u00bb][vc_column column_padding=\u00bbno-extra-padding\u00bb column_padding_tablet=\u00bbinherit\u00bb column_padding_phone=\u00bbinherit\u00bb column_padding_position=\u00bball\u00bb column_element_direction_desktop=\u00bbdefault\u00bb column_element_spacing=\u00bbdefault\u00bb desktop_text_alignment=\u00bbdefault\u00bb tablet_text_alignment=\u00bbdefault\u00bb phone_text_alignment=\u00bbdefault\u00bb background_color_opacity=\u00bb1&#8243; background_hover_color_opacity=\u00bb1&#8243; column_backdrop_filter=\u00bbnone\u00bb column_shadow=\u00bbnone\u00bb column_border_radius=\u00bbnone\u00bb column_link_target=\u00bb_self\u00bb column_position=\u00bbdefault\u00bb gradient_direction=\u00bbleft_to_right\u00bb overlay_strength=\u00bb0.3&#8243; width=\u00bb1\/1&#8243; tablet_width_inherit=\u00bbdefault\u00bb animation_type=\u00bbdefault\u00bb bg_image_animation=\u00bbnone\u00bb border_type=\u00bbsimple\u00bb column_border_width=\u00bbnone\u00bb column_border_style=\u00bbsolid\u00bb][vc_column_text text_direction=\u00bbdefault\u00bb]\n<h1>Innovaci\u00f3n<\/h1>\n[\/vc_column_text][\/vc_column][\/vc_row][vc_row type=\u00bbin_container\u00bb full_screen_row_position=\u00bbmiddle\u00bb column_margin=\u00bbdefault\u00bb equal_height=\u00bbyes\u00bb content_placement=\u00bbmiddle\u00bb column_direction=\u00bbdefault\u00bb column_direction_tablet=\u00bbdefault\u00bb column_direction_phone=\u00bbdefault\u00bb scene_position=\u00bbcenter\u00bb text_color=\u00bbdark\u00bb text_align=\u00bbleft\u00bb row_border_radius=\u00bbnone\u00bb row_border_radius_applies=\u00bbbg\u00bb overflow=\u00bbvisible\u00bb overlay_strength=\u00bb0.3&#8243; gradient_direction=\u00bbleft_to_right\u00bb shape_divider_position=\u00bbbottom\u00bb bg_image_animation=\u00bbnone\u00bb gradient_type=\u00bbdefault\u00bb shape_type=\u00bb\u00bb][vc_column column_padding=\u00bbno-extra-padding\u00bb column_padding_tablet=\u00bbinherit\u00bb column_padding_phone=\u00bbinherit\u00bb column_padding_position=\u00bball\u00bb column_element_direction_desktop=\u00bbdefault\u00bb column_element_spacing=\u00bbdefault\u00bb desktop_text_alignment=\u00bbdefault\u00bb tablet_text_alignment=\u00bbdefault\u00bb phone_text_alignment=\u00bbdefault\u00bb background_color_opacity=\u00bb1&#8243; background_hover_color_opacity=\u00bb1&#8243; column_backdrop_filter=\u00bbnone\u00bb column_shadow=\u00bbnone\u00bb column_border_radius=\u00bbnone\u00bb column_link_target=\u00bb_self\u00bb column_position=\u00bbdefault\u00bb gradient_direction=\u00bbleft_to_right\u00bb overlay_strength=\u00bb0.3&#8243; width=\u00bb1\/1&#8243; tablet_width_inherit=\u00bbdefault\u00bb animation_type=\u00bbdefault\u00bb bg_image_animation=\u00bbnone\u00bb border_type=\u00bbsimple\u00bb column_border_width=\u00bbnone\u00bb column_border_style=\u00bbsolid\u00bb][vc_column_text text_direction=\u00bbdefault\u00bb]\n<h3 data-start=\"0\" data-end=\"46\"><strong data-start=\"4\" data-end=\"44\">Innovaci\u00f3n y Desarrollo de Productos<\/strong><\/h3>\n<p data-start=\"48\" data-end=\"429\">En Pholoho Biotechnology, la innovaci\u00f3n no es un concepto abstracto, sino la fuerza que impulsa nuestro desarrollo de productos. Nuestra misi\u00f3n es clara: transformar la riqueza de las microalgas en soluciones tangibles, accesibles y cient\u00edficamente fiables. Cada producto que desarrollamos responde a una necesidad espec\u00edfica, desde la investigaci\u00f3n m\u00e9dica hasta la salud animal.<\/p>\n<p data-start=\"431\" data-end=\"802\"><strong data-start=\"431\" data-end=\"455\">Aplicaciones M\u00e9dicas<\/strong><br data-start=\"455\" data-end=\"458\" \/>Desarrollamos extractos activos de alta pureza destinados a la investigaci\u00f3n y a futuros enfoques terap\u00e9uticos. La ficocianina es nuestra mol\u00e9cula emblem\u00e1tica: producida mediante procesos de extracci\u00f3n y purificaci\u00f3n patentados, alcanza una pureza excepcional y abre el camino a innovaciones en oncolog\u00eda, inmunolog\u00eda y medicina regenerativa.<\/p>\n<p data-start=\"804\" data-end=\"1142\"><strong data-start=\"804\" data-end=\"831\">Productos Nutricionales<\/strong><br data-start=\"831\" data-end=\"834\" \/>Dise\u00f1amos una gama de suplementos alimenticios derivados de la espirulina y la chlorella, formulados para fortalecer la inmunidad, la vitalidad y el equilibrio metab\u00f3lico. Disponibles en farmacias y en l\u00ednea, estos productos ofrecen soluciones naturales y cient\u00edficamente validadas para la salud cotidiana.<\/p>\n<p data-start=\"1144\" data-end=\"1546\"><strong data-start=\"1144\" data-end=\"1174\">Soluciones Dermocosm\u00e9ticas<\/strong><br data-start=\"1174\" data-end=\"1177\" \/>Nuestros bioactivos marinos se integran en productos de cuidado de la piel de nueva generaci\u00f3n, con propiedades hidratantes, antienvejecimiento y reparadoras. Gracias a la ficocianina, al fucoidano y a los p\u00e9ptidos derivados de algas, desarrollamos ingredientes sostenibles que responden a la creciente demanda de cosm\u00e9ticos naturales, eficaces y de origen biol\u00f3gico.<\/p>\n<p data-start=\"1548\" data-end=\"1885\"><strong data-start=\"1548\" data-end=\"1564\">Salud Animal<\/strong><br data-start=\"1564\" data-end=\"1567\" \/>Transformamos las microalgas en ingredientes nutricionales capaces de mejorar la inmunidad, el crecimiento y la vitalidad de los animales. Estas formulaciones aportan prote\u00ednas, \u00e1cidos grasos omega-3 y minerales esenciales, constituyendo una alternativa sostenible a las fuentes tradicionales de alimentaci\u00f3n animal.<\/p>\n<p data-start=\"1887\" data-end=\"2271\"><strong data-start=\"1887\" data-end=\"1912\">Tecnolog\u00eda y Procesos<\/strong><br data-start=\"1912\" data-end=\"1915\" \/>Cada producto se fundamenta en una plataforma tecnol\u00f3gica que integra cultivo controlado, extracci\u00f3n optimizada y purificaci\u00f3n avanzada. Nuestros procesos patentados garantizan la calidad, la reproducibilidad y la seguridad necesarias para la integraci\u00f3n de innovaciones basadas en microalgas en los sectores m\u00e9dico, nutricional, cosm\u00e9tico y veterinario.<\/p>\n<p data-start=\"2273\" data-end=\"2531\"><strong data-start=\"2273\" data-end=\"2295\">Nuestro Compromiso<\/strong><br data-start=\"2295\" data-end=\"2298\" \/>Para nosotros, innovar significa convertir el potencial cient\u00edfico en productos \u00fatiles. Nuestro pipeline se centra en avances continuos para ofrecer soluciones fiables que contribuyan a la salud humana y animal, hoy y en el futuro.<\/p>\n[\/vc_column_text][\/vc_column][\/vc_row][vc_row type=\u00bbin_container\u00bb full_screen_row_position=\u00bbmiddle\u00bb column_margin=\u00bbdefault\u00bb column_direction=\u00bbdefault\u00bb column_direction_tablet=\u00bbdefault\u00bb column_direction_phone=\u00bbdefault\u00bb scene_position=\u00bbcenter\u00bb text_color=\u00bbdark\u00bb text_align=\u00bbleft\u00bb row_border_radius=\u00bbnone\u00bb row_border_radius_applies=\u00bbbg\u00bb overflow=\u00bbvisible\u00bb overlay_strength=\u00bb0.3&#8243; gradient_direction=\u00bbleft_to_right\u00bb shape_divider_position=\u00bbbottom\u00bb bg_image_animation=\u00bbnone\u00bb][vc_column column_padding=\u00bbpadding-5-percent\u00bb column_padding_tablet=\u00bbinherit\u00bb column_padding_phone=\u00bbinherit\u00bb column_padding_position=\u00bball\u00bb column_element_direction_desktop=\u00bbdefault\u00bb column_element_spacing=\u00bbdefault\u00bb desktop_text_alignment=\u00bbdefault\u00bb tablet_text_alignment=\u00bbdefault\u00bb phone_text_alignment=\u00bbdefault\u00bb background_color_opacity=\u00bb1&#8243; background_hover_color_opacity=\u00bb1&#8243; column_backdrop_filter=\u00bbnone\u00bb column_shadow=\u00bbnone\u00bb column_border_radius=\u00bbnone\u00bb column_link_target=\u00bb_self\u00bb column_position=\u00bbdefault\u00bb gradient_direction=\u00bbleft_to_right\u00bb overlay_strength=\u00bb0.3&#8243; width=\u00bb1\/1&#8243; tablet_width_inherit=\u00bbdefault\u00bb animation_type=\u00bbdefault\u00bb bg_image_animation=\u00bbnone\u00bb border_type=\u00bbsimple\u00bb column_border_width=\u00bbnone\u00bb column_border_style=\u00bbsolid\u00bb column_padding_type=\u00bbdefault\u00bb gradient_type=\u00bbdefault\u00bb][\/vc_column][\/vc_row]\n","protected":false},"excerpt":{"rendered":"<p>[vc_row type=\u00bbfull_width_content\u00bb full_screen_row_position=\u00bbmiddle\u00bb column_margin=\u00bbdefault\u00bb column_direction=\u00bbdefault\u00bb column_direction_tablet=\u00bbdefault\u00bb column_direction_phone=\u00bbdefault\u00bb scene_position=\u00bbcenter\u00bb text_color=\u00bbdark\u00bb text_align=\u00bbleft\u00bb row_border_radius=\u00bbnone\u00bb row_border_radius_applies=\u00bbbg\u00bb overflow=\u00bbvisible\u00bb overlay_strength=\u00bb0.3&#8243; gradient_direction=\u00bbleft_to_right\u00bb shape_divider_position=\u00bbbottom\u00bb bg_image_animation=\u00bbnone\u00bb gradient_type=\u00bbdefault\u00bb shape_type=\u00bb\u00bb][vc_column column_padding=\u00bbno-extra-padding\u00bb column_padding_tablet=\u00bbinherit\u00bb column_padding_phone=\u00bbinherit\u00bb column_padding_position=\u00bball\u00bb column_element_direction_desktop=\u00bbdefault\u00bb column_element_spacing=\u00bbdefault\u00bb desktop_text_alignment=\u00bbdefault\u00bb tablet_text_alignment=\u00bbdefault\u00bb phone_text_alignment=\u00bbdefault\u00bb background_color_opacity=\u00bb1&#8243; background_hover_color_opacity=\u00bb1&#8243;&#8230;<\/p>\n","protected":false},"author":2,"featured_media":0,"parent":0,"menu_order":0,"comment_status":"closed","ping_status":"closed","template":"","meta":{"footnotes":""},"class_list":["post-2892","page","type-page","status-publish"],"yoast_head":"<!-- This site is optimized with the Yoast SEO plugin v26.7 - https:\/\/yoast.com\/wordpress\/plugins\/seo\/ -->\n<title>innovaci\u00f3n | Pholoho<\/title>\n<meta name=\"robots\" content=\"index, follow, max-snippet:-1, max-image-preview:large, max-video-preview:-1\" \/>\n<link rel=\"canonical\" href=\"https:\/\/pholoho.com\/innovation\/\" \/>\n<meta property=\"og:locale\" content=\"es_ES\" \/>\n<meta property=\"og:type\" content=\"article\" \/>\n<meta property=\"og:title\" content=\"innovaci\u00f3n | Pholoho\" \/>\n<meta property=\"og:description\" content=\"[vc_row type=\u00bbfull_width_content\u00bb full_screen_row_position=\u00bbmiddle\u00bb column_margin=\u00bbdefault\u00bb column_direction=\u00bbdefault\u00bb column_direction_tablet=\u00bbdefault\u00bb column_direction_phone=\u00bbdefault\u00bb scene_position=\u00bbcenter\u00bb text_color=\u00bbdark\u00bb text_align=\u00bbleft\u00bb row_border_radius=\u00bbnone\u00bb row_border_radius_applies=\u00bbbg\u00bb overflow=\u00bbvisible\u00bb overlay_strength=\u00bb0.3&#8243; gradient_direction=\u00bbleft_to_right\u00bb shape_divider_position=\u00bbbottom\u00bb bg_image_animation=\u00bbnone\u00bb gradient_type=\u00bbdefault\u00bb shape_type=\u00bb\u00bb][vc_column column_padding=\u00bbno-extra-padding\u00bb column_padding_tablet=\u00bbinherit\u00bb column_padding_phone=\u00bbinherit\u00bb column_padding_position=\u00bball\u00bb column_element_direction_desktop=\u00bbdefault\u00bb column_element_spacing=\u00bbdefault\u00bb desktop_text_alignment=\u00bbdefault\u00bb tablet_text_alignment=\u00bbdefault\u00bb phone_text_alignment=\u00bbdefault\u00bb background_color_opacity=\u00bb1&#8243; background_hover_color_opacity=\u00bb1&#8243;...\" \/>\n<meta property=\"og:url\" content=\"https:\/\/pholoho.com\/innovation\/\" \/>\n<meta property=\"og:site_name\" content=\"Pholoho\" \/>\n<meta property=\"article:modified_time\" content=\"2025-09-12T15:49:55+00:00\" \/>\n<meta name=\"twitter:card\" content=\"summary_large_image\" \/>\n<meta name=\"twitter:label1\" content=\"Tiempo de lectura\" \/>\n\t<meta name=\"twitter:data1\" content=\"3 minutos\" \/>\n<script type=\"application\/ld+json\" class=\"yoast-schema-graph\">{\"@context\":\"https:\/\/schema.org\",\"@graph\":[{\"@type\":\"WebPage\",\"@id\":\"https:\/\/pholoho.com\/innovation\/\",\"url\":\"https:\/\/pholoho.com\/innovation\/\",\"name\":\"innovaci\u00f3n | Pholoho\",\"isPartOf\":{\"@id\":\"https:\/\/pholoho.com\/#website\"},\"datePublished\":\"2025-02-25T19:51:32+00:00\",\"dateModified\":\"2025-09-12T15:49:55+00:00\",\"breadcrumb\":{\"@id\":\"https:\/\/pholoho.com\/innovation\/#breadcrumb\"},\"inLanguage\":\"es\",\"potentialAction\":[{\"@type\":\"ReadAction\",\"target\":[\"https:\/\/pholoho.com\/innovation\/\"]}]},{\"@type\":\"BreadcrumbList\",\"@id\":\"https:\/\/pholoho.com\/innovation\/#breadcrumb\",\"itemListElement\":[{\"@type\":\"ListItem\",\"position\":1,\"name\":\"Home\",\"item\":\"https:\/\/pholoho.com\/es\/\"},{\"@type\":\"ListItem\",\"position\":2,\"name\":\"innovaci\u00f3n\"}]},{\"@type\":\"WebSite\",\"@id\":\"https:\/\/pholoho.com\/#website\",\"url\":\"https:\/\/pholoho.com\/\",\"name\":\"Pholoho\",\"description\":\"\",\"potentialAction\":[{\"@type\":\"SearchAction\",\"target\":{\"@type\":\"EntryPoint\",\"urlTemplate\":\"https:\/\/pholoho.com\/?s={search_term_string}\"},\"query-input\":{\"@type\":\"PropertyValueSpecification\",\"valueRequired\":true,\"valueName\":\"search_term_string\"}}],\"inLanguage\":\"es\"}]}<\/script>\n<!-- \/ Yoast SEO plugin. -->","yoast_head_json":{"title":"innovaci\u00f3n | Pholoho","robots":{"index":"index","follow":"follow","max-snippet":"max-snippet:-1","max-image-preview":"max-image-preview:large","max-video-preview":"max-video-preview:-1"},"canonical":"https:\/\/pholoho.com\/innovation\/","og_locale":"es_ES","og_type":"article","og_title":"innovaci\u00f3n | Pholoho","og_description":"[vc_row type=\u00bbfull_width_content\u00bb full_screen_row_position=\u00bbmiddle\u00bb column_margin=\u00bbdefault\u00bb column_direction=\u00bbdefault\u00bb column_direction_tablet=\u00bbdefault\u00bb column_direction_phone=\u00bbdefault\u00bb scene_position=\u00bbcenter\u00bb text_color=\u00bbdark\u00bb text_align=\u00bbleft\u00bb row_border_radius=\u00bbnone\u00bb row_border_radius_applies=\u00bbbg\u00bb overflow=\u00bbvisible\u00bb overlay_strength=\u00bb0.3&#8243; gradient_direction=\u00bbleft_to_right\u00bb shape_divider_position=\u00bbbottom\u00bb bg_image_animation=\u00bbnone\u00bb gradient_type=\u00bbdefault\u00bb shape_type=\u00bb\u00bb][vc_column column_padding=\u00bbno-extra-padding\u00bb column_padding_tablet=\u00bbinherit\u00bb column_padding_phone=\u00bbinherit\u00bb column_padding_position=\u00bball\u00bb column_element_direction_desktop=\u00bbdefault\u00bb column_element_spacing=\u00bbdefault\u00bb desktop_text_alignment=\u00bbdefault\u00bb tablet_text_alignment=\u00bbdefault\u00bb phone_text_alignment=\u00bbdefault\u00bb background_color_opacity=\u00bb1&#8243; background_hover_color_opacity=\u00bb1&#8243;...","og_url":"https:\/\/pholoho.com\/innovation\/","og_site_name":"Pholoho","article_modified_time":"2025-09-12T15:49:55+00:00","twitter_card":"summary_large_image","twitter_misc":{"Tiempo de lectura":"3 minutos"},"schema":{"@context":"https:\/\/schema.org","@graph":[{"@type":"WebPage","@id":"https:\/\/pholoho.com\/innovation\/","url":"https:\/\/pholoho.com\/innovation\/","name":"innovaci\u00f3n | Pholoho","isPartOf":{"@id":"https:\/\/pholoho.com\/#website"},"datePublished":"2025-02-25T19:51:32+00:00","dateModified":"2025-09-12T15:49:55+00:00","breadcrumb":{"@id":"https:\/\/pholoho.com\/innovation\/#breadcrumb"},"inLanguage":"es","potentialAction":[{"@type":"ReadAction","target":["https:\/\/pholoho.com\/innovation\/"]}]},{"@type":"BreadcrumbList","@id":"https:\/\/pholoho.com\/innovation\/#breadcrumb","itemListElement":[{"@type":"ListItem","position":1,"name":"Home","item":"https:\/\/pholoho.com\/es\/"},{"@type":"ListItem","position":2,"name":"innovaci\u00f3n"}]},{"@type":"WebSite","@id":"https:\/\/pholoho.com\/#website","url":"https:\/\/pholoho.com\/","name":"Pholoho","description":"","potentialAction":[{"@type":"SearchAction","target":{"@type":"EntryPoint","urlTemplate":"https:\/\/pholoho.com\/?s={search_term_string}"},"query-input":{"@type":"PropertyValueSpecification","valueRequired":true,"valueName":"search_term_string"}}],"inLanguage":"es"}]}},"_links":{"self":[{"href":"https:\/\/pholoho.com\/es\/wp-json\/wp\/v2\/pages\/2892","targetHints":{"allow":["GET"]}}],"collection":[{"href":"https:\/\/pholoho.com\/es\/wp-json\/wp\/v2\/pages"}],"about":[{"href":"https:\/\/pholoho.com\/es\/wp-json\/wp\/v2\/types\/page"}],"author":[{"embeddable":true,"href":"https:\/\/pholoho.com\/es\/wp-json\/wp\/v2\/users\/2"}],"replies":[{"embeddable":true,"href":"https:\/\/pholoho.com\/es\/wp-json\/wp\/v2\/comments?post=2892"}],"version-history":[{"count":4,"href":"https:\/\/pholoho.com\/es\/wp-json\/wp\/v2\/pages\/2892\/revisions"}],"predecessor-version":[{"id":3580,"href":"https:\/\/pholoho.com\/es\/wp-json\/wp\/v2\/pages\/2892\/revisions\/3580"}],"wp:attachment":[{"href":"https:\/\/pholoho.com\/es\/wp-json\/wp\/v2\/media?parent=2892"}],"curies":[{"name":"wp","href":"https:\/\/api.w.org\/{rel}","templated":true}]}}